{"id":4405,"date":"2025-07-24T15:36:05","date_gmt":"2025-07-24T19:36:05","guid":{"rendered":"https:\/\/groupekonex.com\/?post_type=product&#038;p=4405"},"modified":"2026-03-31T17:12:55","modified_gmt":"2026-03-31T21:12:55","slug":"presentoir-plancher-accessoires-electroniques-konex-play-selection-pharmacies-quincailleries","status":"publish","type":"product","link":"https:\/\/groupekonex.com\/fr\/produit\/presentoir-plancher-accessoires-electroniques-konex-play-selection-pharmacies-quincailleries\/","title":{"rendered":"Pr\u00e9sentoir plancher accessoires \u00e9lectroniques Konex &#038; Play &#8211; S\u00e9lection pharmacies\/quincailleries"},"content":{"rendered":"","protected":false},"excerpt":{"rendered":"","protected":false},"featured_media":4406,"template":"","meta":{"_acf_changed":false},"product_brand":[303,304],"product_cat":[341],"product_tag":[],"class_list":{"0":"post-4405","1":"product","2":"type-product","3":"status-publish","4":"has-post-thumbnail","6":"product_brand-konex","7":"product_brand-play","8":"product_cat-electronique-presentoirs","9":"_wholesalex wsx-wholesalex-product","11":"first","12":"instock","13":"taxable","14":"shipping-taxable","15":"purchasable","16":"product-type-simple"},"acf":[],"_links":{"self":[{"href":"https:\/\/groupekonex.com\/fr\/wp-json\/wp\/v2\/product\/4405","targetHints":{"allow":["GET"]}}],"collection":[{"href":"https:\/\/groupekonex.com\/fr\/wp-json\/wp\/v2\/product"}],"about":[{"href":"https:\/\/groupekonex.com\/fr\/wp-json\/wp\/v2\/types\/product"}],"version-history":[{"count":1,"href":"https:\/\/groupekonex.com\/fr\/wp-json\/wp\/v2\/product\/4405\/revisions"}],"predecessor-version":[{"id":4409,"href":"https:\/\/groupekonex.com\/fr\/wp-json\/wp\/v2\/product\/4405\/revisions\/4409"}],"wp:featuredmedia":[{"embeddable":true,"href":"https:\/\/groupekonex.com\/fr\/wp-json\/wp\/v2\/media\/4406"}],"wp:attachment":[{"href":"https:\/\/groupekonex.com\/fr\/wp-json\/wp\/v2\/media?parent=4405"}],"wp:term":[{"taxonomy":"product_brand","embeddable":true,"href":"https:\/\/groupekonex.com\/fr\/wp-json\/wp\/v2\/product_brand?post=4405"},{"taxonomy":"product_cat","embeddable":true,"href":"https:\/\/groupekonex.com\/fr\/wp-json\/wp\/v2\/product_cat?post=4405"},{"taxonomy":"product_tag","embeddable":true,"href":"https:\/\/groupekonex.com\/fr\/wp-json\/wp\/v2\/product_tag?post=4405"}],"curies":[{"name":"wp","href":"https:\/\/api.w.org\/{rel}","templated":true}]}}