{"id":3588,"date":"2025-06-26T15:27:39","date_gmt":"2025-06-26T19:27:39","guid":{"rendered":"https:\/\/groupekonex.com\/?post_type=product&#038;p=3588"},"modified":"2025-08-27T16:56:40","modified_gmt":"2025-08-27T20:56:40","slug":"presentoir-comptoir-tests-dalcoolemie-a-usage-unique","status":"publish","type":"product","link":"https:\/\/groupekonex.com\/fr\/produit\/presentoir-comptoir-tests-dalcoolemie-a-usage-unique\/","title":{"rendered":"Pr\u00e9sentoir comptoir tests d\u2019alcool\u00e9mie \u00e0 usage unique"},"content":{"rendered":"","protected":false},"excerpt":{"rendered":"<p>30 unit\u00e9s \/pr\u00e9sentoir<\/p>\n","protected":false},"featured_media":3589,"template":"","meta":{"_acf_changed":false},"product_brand":[336],"product_cat":[372,344],"product_tag":[],"class_list":{"0":"post-3588","1":"product","2":"type-product","3":"status-publish","4":"has-post-thumbnail","6":"product_brand-alco-prevention-canada","7":"product_cat-tests-dalcoolemie","8":"product_cat-maison-presentoirs","9":"_wholesalex wsx-wholesalex-product","11":"first","12":"instock","13":"taxable","14":"shipping-taxable","15":"purchasable","16":"product-type-simple"},"acf":[],"_links":{"self":[{"href":"https:\/\/groupekonex.com\/fr\/wp-json\/wp\/v2\/product\/3588","targetHints":{"allow":["GET"]}}],"collection":[{"href":"https:\/\/groupekonex.com\/fr\/wp-json\/wp\/v2\/product"}],"about":[{"href":"https:\/\/groupekonex.com\/fr\/wp-json\/wp\/v2\/types\/product"}],"version-history":[{"count":1,"href":"https:\/\/groupekonex.com\/fr\/wp-json\/wp\/v2\/product\/3588\/revisions"}],"predecessor-version":[{"id":3590,"href":"https:\/\/groupekonex.com\/fr\/wp-json\/wp\/v2\/product\/3588\/revisions\/3590"}],"wp:featuredmedia":[{"embeddable":true,"href":"https:\/\/groupekonex.com\/fr\/wp-json\/wp\/v2\/media\/3589"}],"wp:attachment":[{"href":"https:\/\/groupekonex.com\/fr\/wp-json\/wp\/v2\/media?parent=3588"}],"wp:term":[{"taxonomy":"product_brand","embeddable":true,"href":"https:\/\/groupekonex.com\/fr\/wp-json\/wp\/v2\/product_brand?post=3588"},{"taxonomy":"product_cat","embeddable":true,"href":"https:\/\/groupekonex.com\/fr\/wp-json\/wp\/v2\/product_cat?post=3588"},{"taxonomy":"product_tag","embeddable":true,"href":"https:\/\/groupekonex.com\/fr\/wp-json\/wp\/v2\/product_tag?post=3588"}],"curies":[{"name":"wp","href":"https:\/\/api.w.org\/{rel}","templated":true}]}}