{"id":3139,"date":"2025-04-17T12:53:36","date_gmt":"2025-04-17T16:53:36","guid":{"rendered":"https:\/\/groupekonex.com\/?post_type=product&#038;p=3139"},"modified":"2025-07-29T14:52:47","modified_gmt":"2025-07-29T18:52:47","slug":"etui-portefeuille-universel-pour-telephone-styles-varies","status":"publish","type":"product","link":"https:\/\/groupekonex.com\/fr\/produit\/etui-portefeuille-universel-pour-telephone-styles-varies\/","title":{"rendered":"\u00c9tui portefeuille universel pour t\u00e9l\u00e9phone (styles vari\u00e9s)"},"content":{"rendered":"","protected":false},"excerpt":{"rendered":"","protected":false},"featured_media":3142,"template":"","meta":{"_acf_changed":false},"product_brand":[303],"product_cat":[320],"product_tag":[],"class_list":{"0":"post-3139","1":"product","2":"type-product","3":"status-publish","4":"has-post-thumbnail","6":"product_brand-konex","7":"product_cat-etuis-a-telephone","8":"_wholesalex wsx-wholesalex-product","10":"first","11":"instock","12":"taxable","13":"shipping-taxable","14":"purchasable","15":"product-type-simple"},"acf":[],"_links":{"self":[{"href":"https:\/\/groupekonex.com\/fr\/wp-json\/wp\/v2\/product\/3139","targetHints":{"allow":["GET"]}}],"collection":[{"href":"https:\/\/groupekonex.com\/fr\/wp-json\/wp\/v2\/product"}],"about":[{"href":"https:\/\/groupekonex.com\/fr\/wp-json\/wp\/v2\/types\/product"}],"version-history":[{"count":2,"href":"https:\/\/groupekonex.com\/fr\/wp-json\/wp\/v2\/product\/3139\/revisions"}],"predecessor-version":[{"id":4538,"href":"https:\/\/groupekonex.com\/fr\/wp-json\/wp\/v2\/product\/3139\/revisions\/4538"}],"wp:featuredmedia":[{"embeddable":true,"href":"https:\/\/groupekonex.com\/fr\/wp-json\/wp\/v2\/media\/3142"}],"wp:attachment":[{"href":"https:\/\/groupekonex.com\/fr\/wp-json\/wp\/v2\/media?parent=3139"}],"wp:term":[{"taxonomy":"product_brand","embeddable":true,"href":"https:\/\/groupekonex.com\/fr\/wp-json\/wp\/v2\/product_brand?post=3139"},{"taxonomy":"product_cat","embeddable":true,"href":"https:\/\/groupekonex.com\/fr\/wp-json\/wp\/v2\/product_cat?post=3139"},{"taxonomy":"product_tag","embeddable":true,"href":"https:\/\/groupekonex.com\/fr\/wp-json\/wp\/v2\/product_tag?post=3139"}],"curies":[{"name":"wp","href":"https:\/\/api.w.org\/{rel}","templated":true}]}}