{"id":3134,"date":"2025-04-17T12:48:39","date_gmt":"2025-04-17T16:48:39","guid":{"rendered":"https:\/\/groupekonex.com\/?post_type=product&#038;p=3134"},"modified":"2025-07-29T14:53:19","modified_gmt":"2025-07-29T18:53:19","slug":"trepied-baton-selfie-pour-telephone-avec-telecommande-sans-fil","status":"publish","type":"product","link":"https:\/\/groupekonex.com\/fr\/produit\/trepied-baton-selfie-pour-telephone-avec-telecommande-sans-fil\/","title":{"rendered":"Tr\u00e9pied \/ B\u00e2ton Selfie pour t\u00e9l\u00e9phone avec t\u00e9l\u00e9commande sans fil"},"content":{"rendered":"","protected":false},"excerpt":{"rendered":"","protected":false},"featured_media":3135,"template":"","meta":{"_acf_changed":false},"product_brand":[303],"product_cat":[330],"product_tag":[],"class_list":{"0":"post-3134","1":"product","2":"type-product","3":"status-publish","4":"has-post-thumbnail","6":"product_brand-konex","7":"product_cat-trepieds-a-telephone","8":"_wholesalex wsx-wholesalex-product","10":"first","11":"instock","12":"taxable","13":"shipping-taxable","14":"purchasable","15":"product-type-simple"},"acf":[],"_links":{"self":[{"href":"https:\/\/groupekonex.com\/fr\/wp-json\/wp\/v2\/product\/3134","targetHints":{"allow":["GET"]}}],"collection":[{"href":"https:\/\/groupekonex.com\/fr\/wp-json\/wp\/v2\/product"}],"about":[{"href":"https:\/\/groupekonex.com\/fr\/wp-json\/wp\/v2\/types\/product"}],"version-history":[{"count":2,"href":"https:\/\/groupekonex.com\/fr\/wp-json\/wp\/v2\/product\/3134\/revisions"}],"predecessor-version":[{"id":4539,"href":"https:\/\/groupekonex.com\/fr\/wp-json\/wp\/v2\/product\/3134\/revisions\/4539"}],"wp:featuredmedia":[{"embeddable":true,"href":"https:\/\/groupekonex.com\/fr\/wp-json\/wp\/v2\/media\/3135"}],"wp:attachment":[{"href":"https:\/\/groupekonex.com\/fr\/wp-json\/wp\/v2\/media?parent=3134"}],"wp:term":[{"taxonomy":"product_brand","embeddable":true,"href":"https:\/\/groupekonex.com\/fr\/wp-json\/wp\/v2\/product_brand?post=3134"},{"taxonomy":"product_cat","embeddable":true,"href":"https:\/\/groupekonex.com\/fr\/wp-json\/wp\/v2\/product_cat?post=3134"},{"taxonomy":"product_tag","embeddable":true,"href":"https:\/\/groupekonex.com\/fr\/wp-json\/wp\/v2\/product_tag?post=3134"}],"curies":[{"name":"wp","href":"https:\/\/api.w.org\/{rel}","templated":true}]}}