{"id":3127,"date":"2025-04-17T12:40:20","date_gmt":"2025-04-17T16:40:20","guid":{"rendered":"https:\/\/groupekonex.com\/?post_type=product&#038;p=3127"},"modified":"2025-05-29T13:09:21","modified_gmt":"2025-05-29T17:09:21","slug":"support-a-telephone-extensible-en-vrac","status":"publish","type":"product","link":"https:\/\/groupekonex.com\/fr\/produit\/support-a-telephone-extensible-en-vrac\/","title":{"rendered":"Support \u00e0 t\u00e9l\u00e9phone extensible (en vrac)"},"content":{"rendered":"","protected":false},"excerpt":{"rendered":"","protected":false},"featured_media":3128,"template":"","meta":{"_acf_changed":false},"product_brand":[303],"product_cat":[328],"product_tag":[],"class_list":{"0":"post-3127","1":"product","2":"type-product","3":"status-publish","4":"has-post-thumbnail","6":"product_brand-konex","7":"product_cat-supports-a-telephone-pour-voiture","8":"_wholesalex wsx-wholesalex-product","10":"first","11":"instock","12":"taxable","13":"shipping-taxable","14":"purchasable","15":"product-type-simple"},"acf":[],"_links":{"self":[{"href":"https:\/\/groupekonex.com\/fr\/wp-json\/wp\/v2\/product\/3127","targetHints":{"allow":["GET"]}}],"collection":[{"href":"https:\/\/groupekonex.com\/fr\/wp-json\/wp\/v2\/product"}],"about":[{"href":"https:\/\/groupekonex.com\/fr\/wp-json\/wp\/v2\/types\/product"}],"version-history":[{"count":1,"href":"https:\/\/groupekonex.com\/fr\/wp-json\/wp\/v2\/product\/3127\/revisions"}],"predecessor-version":[{"id":3130,"href":"https:\/\/groupekonex.com\/fr\/wp-json\/wp\/v2\/product\/3127\/revisions\/3130"}],"wp:featuredmedia":[{"embeddable":true,"href":"https:\/\/groupekonex.com\/fr\/wp-json\/wp\/v2\/media\/3128"}],"wp:attachment":[{"href":"https:\/\/groupekonex.com\/fr\/wp-json\/wp\/v2\/media?parent=3127"}],"wp:term":[{"taxonomy":"product_brand","embeddable":true,"href":"https:\/\/groupekonex.com\/fr\/wp-json\/wp\/v2\/product_brand?post=3127"},{"taxonomy":"product_cat","embeddable":true,"href":"https:\/\/groupekonex.com\/fr\/wp-json\/wp\/v2\/product_cat?post=3127"},{"taxonomy":"product_tag","embeddable":true,"href":"https:\/\/groupekonex.com\/fr\/wp-json\/wp\/v2\/product_tag?post=3127"}],"curies":[{"name":"wp","href":"https:\/\/api.w.org\/{rel}","templated":true}]}}