{"id":3123,"date":"2025-04-17T12:17:34","date_gmt":"2025-04-17T16:17:34","guid":{"rendered":"https:\/\/groupekonex.com\/?post_type=product&#038;p=3123"},"modified":"2025-07-29T14:53:53","modified_gmt":"2025-07-29T18:53:53","slug":"support-a-telephone-extensible","status":"publish","type":"product","link":"https:\/\/groupekonex.com\/fr\/produit\/support-a-telephone-extensible\/","title":{"rendered":"Support \u00e0 t\u00e9l\u00e9phone extensible"},"content":{"rendered":"","protected":false},"excerpt":{"rendered":"","protected":false},"featured_media":3124,"template":"","meta":{"_acf_changed":false},"product_brand":[303],"product_cat":[328],"product_tag":[],"class_list":{"0":"post-3123","1":"product","2":"type-product","3":"status-publish","4":"has-post-thumbnail","6":"product_brand-konex","7":"product_cat-supports-a-telephone-pour-voiture","8":"_wholesalex wsx-wholesalex-product","10":"first","11":"instock","12":"taxable","13":"shipping-taxable","14":"purchasable","15":"product-type-simple"},"acf":[],"_links":{"self":[{"href":"https:\/\/groupekonex.com\/fr\/wp-json\/wp\/v2\/product\/3123","targetHints":{"allow":["GET"]}}],"collection":[{"href":"https:\/\/groupekonex.com\/fr\/wp-json\/wp\/v2\/product"}],"about":[{"href":"https:\/\/groupekonex.com\/fr\/wp-json\/wp\/v2\/types\/product"}],"version-history":[{"count":2,"href":"https:\/\/groupekonex.com\/fr\/wp-json\/wp\/v2\/product\/3123\/revisions"}],"predecessor-version":[{"id":4540,"href":"https:\/\/groupekonex.com\/fr\/wp-json\/wp\/v2\/product\/3123\/revisions\/4540"}],"wp:featuredmedia":[{"embeddable":true,"href":"https:\/\/groupekonex.com\/fr\/wp-json\/wp\/v2\/media\/3124"}],"wp:attachment":[{"href":"https:\/\/groupekonex.com\/fr\/wp-json\/wp\/v2\/media?parent=3123"}],"wp:term":[{"taxonomy":"product_brand","embeddable":true,"href":"https:\/\/groupekonex.com\/fr\/wp-json\/wp\/v2\/product_brand?post=3123"},{"taxonomy":"product_cat","embeddable":true,"href":"https:\/\/groupekonex.com\/fr\/wp-json\/wp\/v2\/product_cat?post=3123"},{"taxonomy":"product_tag","embeddable":true,"href":"https:\/\/groupekonex.com\/fr\/wp-json\/wp\/v2\/product_tag?post=3123"}],"curies":[{"name":"wp","href":"https:\/\/api.w.org\/{rel}","templated":true}]}}