{"id":3111,"date":"2025-04-17T12:14:19","date_gmt":"2025-04-17T16:14:19","guid":{"rendered":"https:\/\/groupekonex.com\/?post_type=product&#038;p=3111"},"modified":"2026-04-29T15:09:59","modified_gmt":"2026-04-29T19:09:59","slug":"support-a-telephone-et-tablette-pour-bureau","status":"publish","type":"product","link":"https:\/\/groupekonex.com\/fr\/produit\/support-a-telephone-et-tablette-pour-bureau\/","title":{"rendered":"Support \u00e0 t\u00e9l\u00e9phone et tablette pour bureau"},"content":{"rendered":"","protected":false},"excerpt":{"rendered":"","protected":false},"featured_media":3112,"template":"","meta":{"_acf_changed":false},"product_brand":[303],"product_cat":[329],"product_tag":[],"class_list":{"0":"post-3111","1":"product","2":"type-product","3":"status-publish","4":"has-post-thumbnail","6":"product_brand-konex","7":"product_cat-supports-de-bureau","8":"_wholesalex wsx-wholesalex-product","10":"first","11":"instock","12":"taxable","13":"shipping-taxable","14":"purchasable","15":"product-type-simple"},"acf":[],"_links":{"self":[{"href":"https:\/\/groupekonex.com\/fr\/wp-json\/wp\/v2\/product\/3111","targetHints":{"allow":["GET"]}}],"collection":[{"href":"https:\/\/groupekonex.com\/fr\/wp-json\/wp\/v2\/product"}],"about":[{"href":"https:\/\/groupekonex.com\/fr\/wp-json\/wp\/v2\/types\/product"}],"version-history":[{"count":2,"href":"https:\/\/groupekonex.com\/fr\/wp-json\/wp\/v2\/product\/3111\/revisions"}],"predecessor-version":[{"id":4542,"href":"https:\/\/groupekonex.com\/fr\/wp-json\/wp\/v2\/product\/3111\/revisions\/4542"}],"wp:featuredmedia":[{"embeddable":true,"href":"https:\/\/groupekonex.com\/fr\/wp-json\/wp\/v2\/media\/3112"}],"wp:attachment":[{"href":"https:\/\/groupekonex.com\/fr\/wp-json\/wp\/v2\/media?parent=3111"}],"wp:term":[{"taxonomy":"product_brand","embeddable":true,"href":"https:\/\/groupekonex.com\/fr\/wp-json\/wp\/v2\/product_brand?post=3111"},{"taxonomy":"product_cat","embeddable":true,"href":"https:\/\/groupekonex.com\/fr\/wp-json\/wp\/v2\/product_cat?post=3111"},{"taxonomy":"product_tag","embeddable":true,"href":"https:\/\/groupekonex.com\/fr\/wp-json\/wp\/v2\/product_tag?post=3111"}],"curies":[{"name":"wp","href":"https:\/\/api.w.org\/{rel}","templated":true}]}}