{"id":6039,"date":"2026-05-06T16:01:48","date_gmt":"2026-05-06T20:01:48","guid":{"rendered":"https:\/\/groupekonex.com\/?post_type=product&#038;p=6039"},"modified":"2026-05-06T16:01:48","modified_gmt":"2026-05-06T20:01:48","slug":"presentoir-plancher-accessoires-electroniques-konex-play-rotatif-2-cotes","status":"publish","type":"product","link":"https:\/\/groupekonex.com\/en\/product\/presentoir-plancher-accessoires-electroniques-konex-play-rotatif-2-cotes\/","title":{"rendered":"Pr\u00e9sentoir plancher accessoires \u00e9lectroniques Konex &#038; Play (Rotatif 2 c\u00f4t\u00e9s)"},"content":{"rendered":"","protected":false},"excerpt":{"rendered":"","protected":false},"featured_media":6040,"template":"","meta":{"_acf_changed":false},"product_brand":[303,304],"product_cat":[341],"product_tag":[],"class_list":{"0":"post-6039","1":"product","2":"type-product","3":"status-publish","4":"has-post-thumbnail","6":"product_brand-konex","7":"product_brand-play","8":"product_cat-electronique-presentoirs","9":"_wholesalex wsx-wholesalex-product","11":"first","12":"instock","13":"taxable","14":"shipping-taxable","15":"purchasable","16":"product-type-simple"},"acf":[],"_links":{"self":[{"href":"https:\/\/groupekonex.com\/en\/wp-json\/wp\/v2\/product\/6039","targetHints":{"allow":["GET"]}}],"collection":[{"href":"https:\/\/groupekonex.com\/en\/wp-json\/wp\/v2\/product"}],"about":[{"href":"https:\/\/groupekonex.com\/en\/wp-json\/wp\/v2\/types\/product"}],"version-history":[{"count":12,"href":"https:\/\/groupekonex.com\/en\/wp-json\/wp\/v2\/product\/6039\/revisions"}],"predecessor-version":[{"id":6057,"href":"https:\/\/groupekonex.com\/en\/wp-json\/wp\/v2\/product\/6039\/revisions\/6057"}],"wp:featuredmedia":[{"embeddable":true,"href":"https:\/\/groupekonex.com\/en\/wp-json\/wp\/v2\/media\/6040"}],"wp:attachment":[{"href":"https:\/\/groupekonex.com\/en\/wp-json\/wp\/v2\/media?parent=6039"}],"wp:term":[{"taxonomy":"product_brand","embeddable":true,"href":"https:\/\/groupekonex.com\/en\/wp-json\/wp\/v2\/product_brand?post=6039"},{"taxonomy":"product_cat","embeddable":true,"href":"https:\/\/groupekonex.com\/en\/wp-json\/wp\/v2\/product_cat?post=6039"},{"taxonomy":"product_tag","embeddable":true,"href":"https:\/\/groupekonex.com\/en\/wp-json\/wp\/v2\/product_tag?post=6039"}],"curies":[{"name":"wp","href":"https:\/\/api.w.org\/{rel}","templated":true}]}}